{"id":14,"date":"2015-08-17T17:43:28","date_gmt":"2015-08-17T17:43:28","guid":{"rendered":"http:\/\/digitalhome.inf.br\/?page_id=14"},"modified":"2023-10-09T10:39:41","modified_gmt":"2023-10-09T10:39:41","slug":"missao","status":"publish","type":"page","link":"https:\/\/sergioneto.portari.com.br\/index.php\/missao\/","title":{"rendered":"Miss\u00e3o"},"content":{"rendered":"<h4>Digital Home &#8211; Inform\u00e1tica e Seguran\u00e7a<\/h4>\n<p>Comprometemo-nos a assegurar a plena funcionalidade dos seus equipamentos de inform\u00e1tica, servidores, backups, rede e sistemas de monitoramento, atrav\u00e9s de uma abordagem eficiente e focada na seguran\u00e7a. Guiados pelas melhores pr\u00e1ticas de configura\u00e7\u00e3o, nossa equipe utiliza tecnologia de ponta, mantendo-se constantemente atualizada para assegurar a solidez e a qualidade dos servi\u00e7os que oferecemos.<\/p>\n<p>Na Digital Home, acreditamos que a excel\u00eancia \u00e9 alcan\u00e7ada ao combinar conhecimento t\u00e9cnico especializado com inova\u00e7\u00e3o cont\u00ednua. Nossos especialistas dedicam-se a otimizar a opera\u00e7\u00e3o dos seus sistemas, garantindo que cada componente trabalhe em harmonia, resultando em um ambiente digital confi\u00e1vel e eficaz.<\/p>\n<p>N\u00e3o nos contentamos apenas com a conformidade; buscamos exceder as expectativas, estabelecendo um padr\u00e3o elevado para a presta\u00e7\u00e3o de servi\u00e7os em inform\u00e1tica e seguran\u00e7a. Ao confiar na Digital Home, voc\u00ea est\u00e1 escolhendo a tranquilidade de saber que seus ativos digitais est\u00e3o protegidos, suas opera\u00e7\u00f5es fluem sem interrup\u00e7\u00f5es e suas metas s\u00e3o sempre impulsionadas pelo poder da tecnologia de \u00faltima gera\u00e7\u00e3o.<\/p>\n<p>Conte conosco para proporcionar um ambiente digital que n\u00e3o apenas atenda, mas supere suas necessidades. Seja a estabilidade dos seus sistemas, a integridade dos seus dados ou a prote\u00e7\u00e3o contra amea\u00e7as cibern\u00e9ticas, a Digital Home est\u00e1 comprometida em ser a sua parceira confi\u00e1vel na jornada tecnol\u00f3gica.<\/p>\n","protected":false},"excerpt":{"rendered":"<p>Digital Home &#8211; Inform\u00e1tica e Seguran\u00e7a Comprometemo-nos a assegurar a plena funcionalidade dos seus equipamentos de inform\u00e1tica, servidores, backups, rede e sistemas de monitoramento, atrav\u00e9s de uma abordagem eficiente e focada na seguran\u00e7a. Guiados pelas melhores pr\u00e1ticas de configura\u00e7\u00e3o, nossa equipe utiliza tecnologia de ponta, mantendo-se constantemente atualizada para assegurar a solidez e a qualidade [&hellip;]<\/p>\n","protected":false},"author":1,"featured_media":0,"parent":0,"menu_order":0,"comment_status":"closed","ping_status":"open","template":"","meta":[],"_links":{"self":[{"href":"https:\/\/sergioneto.portari.com.br\/index.php\/wp-json\/wp\/v2\/pages\/14"}],"collection":[{"href":"https:\/\/sergioneto.portari.com.br\/index.php\/wp-json\/wp\/v2\/pages"}],"about":[{"href":"https:\/\/sergioneto.portari.com.br\/index.php\/wp-json\/wp\/v2\/types\/page"}],"author":[{"embeddable":true,"href":"https:\/\/sergioneto.portari.com.br\/index.php\/wp-json\/wp\/v2\/users\/1"}],"replies":[{"embeddable":true,"href":"https:\/\/sergioneto.portari.com.br\/index.php\/wp-json\/wp\/v2\/comments?post=14"}],"version-history":[{"count":4,"href":"https:\/\/sergioneto.portari.com.br\/index.php\/wp-json\/wp\/v2\/pages\/14\/revisions"}],"predecessor-version":[{"id":128,"href":"https:\/\/sergioneto.portari.com.br\/index.php\/wp-json\/wp\/v2\/pages\/14\/revisions\/128"}],"wp:attachment":[{"href":"https:\/\/sergioneto.portari.com.br\/index.php\/wp-json\/wp\/v2\/media?parent=14"}],"curies":[{"name":"wp","href":"https:\/\/api.w.org\/{rel}","templated":true}]}}