{"id":24,"date":"2015-08-17T17:54:16","date_gmt":"2015-08-17T17:54:16","guid":{"rendered":"http:\/\/digitalhome.inf.br\/?page_id=24"},"modified":"2023-10-02T12:41:22","modified_gmt":"2023-10-02T12:41:22","slug":"home","status":"publish","type":"page","link":"https:\/\/sergioneto.portari.com.br\/","title":{"rendered":"Home"},"content":{"rendered":"\n<div class=\"alignnormal\"><div id=\"metaslider-id-130\" style=\"width: 100%; margin: 0 auto;\" class=\"ml-slider-3-40-0 metaslider metaslider-flex metaslider-130 ml-slider ms-theme-default nav-hidden\" role=\"region\" aria-roledescription=\"Slideshow\" aria-label=\"New Slideshow\">\n    <div id=\"metaslider_container_130\">\n        <div id=\"metaslider_130\">\n            <ul aria-live=\"polite\" class=\"slides\">\n                <li style=\"display: block; width: 100%;\" class=\"slide-131 ms-image\" aria-roledescription=\"slide\" aria-label=\"slide-131\"><img src=\"https:\/\/sergioneto.portari.com.br\/wp-content\/uploads\/2015\/08\/banner1.jpg\" height=\"976\" width=\"7919\" alt=\"\" class=\"slider-130 slide-131\" title=\"banner1\" \/><\/li>\n                <li style=\"display: none; width: 100%;\" class=\"slide-133 ms-image\" aria-roledescription=\"slide\" aria-label=\"slide-133\"><img src=\"https:\/\/sergioneto.portari.com.br\/wp-content\/uploads\/2015\/08\/banner2-3959x487.jpg\" height=\"976\" width=\"7919\" alt=\"\" class=\"slider-130 slide-133\" title=\"banner2\" \/><\/li>\n            <\/ul>\n        <\/div>\n        \n    <\/div>\n<\/div><\/div>\n\n\n\n<p>Bem-vindo ao site da\u00a0<strong>Digital Home<\/strong>, a empresa de inform\u00e1tica e seguran\u00e7a que oferece solu\u00e7\u00f5es inovadoras e personalizadas para seus clientes. N\u00f3s somos especializados em:<\/p>\n\n\n\n<ul>\n<li>Instala\u00e7\u00e3o e manuten\u00e7\u00e3o de redes, servidores, computadores e dispositivos m\u00f3veis.<\/li>\n\n\n\n<li>Prote\u00e7\u00e3o e recupera\u00e7\u00e3o de dados, backup em nuvem, antiv\u00edrus e firewall.<\/li>\n\n\n\n<li>Desenvolvimento e hospedagem de sites, aplicativos e sistemas web.<\/li>\n<\/ul>\n\n\n\n<p>Na Digital Home, n\u00f3s nos preocupamos com a qualidade do nosso servi\u00e7o e a satisfa\u00e7\u00e3o dos nossos clientes. Por isso, contamos com uma equipe de profissionais qualificados e experientes, que est\u00e3o sempre atualizados com as novas tecnologias e tend\u00eancias do mercado. Al\u00e9m disso, oferecemos pre\u00e7os competitivos e garantia de suporte t\u00e9cnico.<\/p>\n\n\n\n<p>Entre em contato conosco e solicite um or\u00e7amento sem compromisso. Estamos prontos para atender \u00e0s suas necessidades e superar as suas expectativas.<\/p>\n","protected":false},"excerpt":{"rendered":"<p>Bem-vindo ao site da\u00a0Digital Home, a empresa de inform\u00e1tica e seguran\u00e7a que oferece solu\u00e7\u00f5es inovadoras e personalizadas para seus clientes. N\u00f3s somos especializados em: Na Digital Home, n\u00f3s nos preocupamos com a qualidade do nosso servi\u00e7o e a satisfa\u00e7\u00e3o dos nossos clientes. Por isso, contamos com uma equipe de profissionais qualificados e experientes, que est\u00e3o [&hellip;]<\/p>\n","protected":false},"author":1,"featured_media":0,"parent":0,"menu_order":0,"comment_status":"closed","ping_status":"open","template":"","meta":[],"_links":{"self":[{"href":"https:\/\/sergioneto.portari.com.br\/index.php\/wp-json\/wp\/v2\/pages\/24"}],"collection":[{"href":"https:\/\/sergioneto.portari.com.br\/index.php\/wp-json\/wp\/v2\/pages"}],"about":[{"href":"https:\/\/sergioneto.portari.com.br\/index.php\/wp-json\/wp\/v2\/types\/page"}],"author":[{"embeddable":true,"href":"https:\/\/sergioneto.portari.com.br\/index.php\/wp-json\/wp\/v2\/users\/1"}],"replies":[{"embeddable":true,"href":"https:\/\/sergioneto.portari.com.br\/index.php\/wp-json\/wp\/v2\/comments?post=24"}],"version-history":[{"count":3,"href":"https:\/\/sergioneto.portari.com.br\/index.php\/wp-json\/wp\/v2\/pages\/24\/revisions"}],"predecessor-version":[{"id":143,"href":"https:\/\/sergioneto.portari.com.br\/index.php\/wp-json\/wp\/v2\/pages\/24\/revisions\/143"}],"wp:attachment":[{"href":"https:\/\/sergioneto.portari.com.br\/index.php\/wp-json\/wp\/v2\/media?parent=24"}],"curies":[{"name":"wp","href":"https:\/\/api.w.org\/{rel}","templated":true}]}}