{"id":27,"date":"2015-08-17T18:03:39","date_gmt":"2015-08-17T18:03:39","guid":{"rendered":"http:\/\/digitalhome.inf.br\/?page_id=27"},"modified":"2023-10-02T11:08:31","modified_gmt":"2023-10-02T11:08:31","slug":"informatica-e-redes","status":"publish","type":"page","link":"https:\/\/sergioneto.portari.com.br\/index.php\/informatica-e-redes\/","title":{"rendered":"Inform\u00e1tica e Redes"},"content":{"rendered":"\n<p>Na&nbsp;<strong>Digital Home<\/strong>, voc\u00ea encontra tudo o que precisa para montar, melhorar ou consertar o seu computador, sua rede dom\u00e9stica ou empresarial. Temos roteadores, modems, computadores, notebooks, impressoras, monitores, teclados, mouses, caixas de som, fones de ouvido, webcams, pendrives, cart\u00f5es de mem\u00f3ria, cabos, adaptadores, antenas, repetidores, switches, hubs e muito mais. Al\u00e9m disso, oferecemos servi\u00e7os de manuten\u00e7\u00e3o, instala\u00e7\u00e3o e limpeza de componentes, com garantia e qualidade.<\/p>\n","protected":false},"excerpt":{"rendered":"<p>Na&nbsp;Digital Home, voc\u00ea encontra tudo o que precisa para montar, melhorar ou consertar o seu computador, sua rede dom\u00e9stica ou empresarial. Temos roteadores, modems, computadores, notebooks, impressoras, monitores, teclados, mouses, caixas de som, fones de ouvido, webcams, pendrives, cart\u00f5es de mem\u00f3ria, cabos, adaptadores, antenas, repetidores, switches, hubs e muito mais. Al\u00e9m disso, oferecemos servi\u00e7os de [&hellip;]<\/p>\n","protected":false},"author":1,"featured_media":71,"parent":0,"menu_order":0,"comment_status":"closed","ping_status":"open","template":"","meta":[],"_links":{"self":[{"href":"https:\/\/sergioneto.portari.com.br\/index.php\/wp-json\/wp\/v2\/pages\/27"}],"collection":[{"href":"https:\/\/sergioneto.portari.com.br\/index.php\/wp-json\/wp\/v2\/pages"}],"about":[{"href":"https:\/\/sergioneto.portari.com.br\/index.php\/wp-json\/wp\/v2\/types\/page"}],"author":[{"embeddable":true,"href":"https:\/\/sergioneto.portari.com.br\/index.php\/wp-json\/wp\/v2\/users\/1"}],"replies":[{"embeddable":true,"href":"https:\/\/sergioneto.portari.com.br\/index.php\/wp-json\/wp\/v2\/comments?post=27"}],"version-history":[{"count":6,"href":"https:\/\/sergioneto.portari.com.br\/index.php\/wp-json\/wp\/v2\/pages\/27\/revisions"}],"predecessor-version":[{"id":139,"href":"https:\/\/sergioneto.portari.com.br\/index.php\/wp-json\/wp\/v2\/pages\/27\/revisions\/139"}],"wp:featuredmedia":[{"embeddable":true,"href":"https:\/\/sergioneto.portari.com.br\/index.php\/wp-json\/wp\/v2\/media\/71"}],"wp:attachment":[{"href":"https:\/\/sergioneto.portari.com.br\/index.php\/wp-json\/wp\/v2\/media?parent=27"}],"curies":[{"name":"wp","href":"https:\/\/api.w.org\/{rel}","templated":true}]}}