{"id":33,"date":"2015-08-17T18:04:11","date_gmt":"2015-08-17T18:04:11","guid":{"rendered":"http:\/\/digitalhome.inf.br\/?page_id=33"},"modified":"2023-10-02T11:09:12","modified_gmt":"2023-10-02T11:09:12","slug":"servidores-back-up","status":"publish","type":"page","link":"https:\/\/sergioneto.portari.com.br\/index.php\/servidores-back-up\/","title":{"rendered":"Servidores e Back-Ups"},"content":{"rendered":"\n<p>Se voc\u00ea quer ter mais seguran\u00e7a e tranquilidade na hora de armazenar e acessar os seus dados, voc\u00ea precisa conhecer os servi\u00e7os de servidores e backups da&nbsp;<strong>Digital Home<\/strong>. N\u00f3s temos as melhores solu\u00e7\u00f5es para voc\u00ea guardar os seus arquivos importantes, como documentos, fotos, v\u00eddeos, m\u00fasicas, planilhas, apresenta\u00e7\u00f5es e muito mais. Al\u00e9m disso, voc\u00ea pode contratar o servi\u00e7o de backup, que faz c\u00f3pias de seguran\u00e7a dos seus dados em nuvem ou em dispositivos externos, como HDs ou pen drives. Assim, voc\u00ea n\u00e3o corre o risco de perder as suas informa\u00e7\u00f5es em caso de pane, v\u00edrus, roubo ou desastre natural. N\u00f3s tamb\u00e9m oferecemos suporte t\u00e9cnico, monitoramento dos seus servidores e backups, garantindo o seu funcionamento e a sua prote\u00e7\u00e3o. N\u00e3o deixe os seus dados vulner\u00e1veis, entre em contato conosco e fa\u00e7a um or\u00e7amento sem compromisso. Na&nbsp;<strong>Digital Home<\/strong>, voc\u00ea tem a certeza de ter os melhores servi\u00e7os de servidores e backups do mercado!<\/p>\n","protected":false},"excerpt":{"rendered":"<p>Se voc\u00ea quer ter mais seguran\u00e7a e tranquilidade na hora de armazenar e acessar os seus dados, voc\u00ea precisa conhecer os servi\u00e7os de servidores e backups da&nbsp;Digital Home. N\u00f3s temos as melhores solu\u00e7\u00f5es para voc\u00ea guardar os seus arquivos importantes, como documentos, fotos, v\u00eddeos, m\u00fasicas, planilhas, apresenta\u00e7\u00f5es e muito mais. Al\u00e9m disso, voc\u00ea pode contratar [&hellip;]<\/p>\n","protected":false},"author":1,"featured_media":69,"parent":0,"menu_order":0,"comment_status":"closed","ping_status":"open","template":"","meta":[],"_links":{"self":[{"href":"https:\/\/sergioneto.portari.com.br\/index.php\/wp-json\/wp\/v2\/pages\/33"}],"collection":[{"href":"https:\/\/sergioneto.portari.com.br\/index.php\/wp-json\/wp\/v2\/pages"}],"about":[{"href":"https:\/\/sergioneto.portari.com.br\/index.php\/wp-json\/wp\/v2\/types\/page"}],"author":[{"embeddable":true,"href":"https:\/\/sergioneto.portari.com.br\/index.php\/wp-json\/wp\/v2\/users\/1"}],"replies":[{"embeddable":true,"href":"https:\/\/sergioneto.portari.com.br\/index.php\/wp-json\/wp\/v2\/comments?post=33"}],"version-history":[{"count":4,"href":"https:\/\/sergioneto.portari.com.br\/index.php\/wp-json\/wp\/v2\/pages\/33\/revisions"}],"predecessor-version":[{"id":140,"href":"https:\/\/sergioneto.portari.com.br\/index.php\/wp-json\/wp\/v2\/pages\/33\/revisions\/140"}],"wp:featuredmedia":[{"embeddable":true,"href":"https:\/\/sergioneto.portari.com.br\/index.php\/wp-json\/wp\/v2\/media\/69"}],"wp:attachment":[{"href":"https:\/\/sergioneto.portari.com.br\/index.php\/wp-json\/wp\/v2\/media?parent=33"}],"curies":[{"name":"wp","href":"https:\/\/api.w.org\/{rel}","templated":true}]}}