{"id":35,"date":"2015-08-17T18:05:42","date_gmt":"2015-08-17T18:05:42","guid":{"rendered":"http:\/\/digitalhome.inf.br\/?page_id=35"},"modified":"2023-10-02T11:07:44","modified_gmt":"2023-10-02T11:07:44","slug":"cameras-de-seguranca","status":"publish","type":"page","link":"https:\/\/sergioneto.portari.com.br\/index.php\/cameras-de-seguranca\/","title":{"rendered":"C\u00e2meras de Seguran\u00e7a"},"content":{"rendered":"\n<p>Voc\u00ea quer ter mais seguran\u00e7a e tranquilidade na sua casa, empresa ou estabelecimento? Ent\u00e3o voc\u00ea precisa conhecer os servi\u00e7os de c\u00e2meras de seguran\u00e7a da&nbsp;<strong>Digital Home<\/strong>. N\u00f3s temos uma variedade de c\u00e2meras de seguran\u00e7a de alta qualidade e gravadores DVR com \u00f3timos pre\u00e7os, que podem atender \u00e0s suas necessidades e expectativas. Voc\u00ea pode escolher entre c\u00e2meras internas ou externas, com ou sem fio, com vis\u00e3o noturna, com detec\u00e7\u00e3o de movimento, com grava\u00e7\u00e3o em nuvem ou em cart\u00e3o de mem\u00f3ria, com \u00e1udio bidirecional, com controle remoto, com zoom digital, etc. N\u00f3s tamb\u00e9m oferecemos servi\u00e7os de instala\u00e7\u00e3o e configura\u00e7\u00e3o das c\u00e2meras de seguran\u00e7a, com garantia e qualidade. N\u00f3s cuidamos de todo o processo, desde a escolha do melhor local para a instala\u00e7\u00e3o, at\u00e9 a conex\u00e3o com o seu smartphone, tablet ou computador. Assim, voc\u00ea pode monitorar e acessar as imagens das suas c\u00e2meras de seguran\u00e7a a qualquer hora e de qualquer lugar. N\u00e3o deixe a sua seguran\u00e7a em risco, entre em contato conosco e fa\u00e7a um or\u00e7amento sem compromisso. Na&nbsp;<strong>Digital Home<\/strong>, voc\u00ea tem a certeza de ter o melhor servi\u00e7o de c\u00e2meras de seguran\u00e7a do mercado!<\/p>\n","protected":false},"excerpt":{"rendered":"<p>Voc\u00ea quer ter mais seguran\u00e7a e tranquilidade na sua casa, empresa ou estabelecimento? Ent\u00e3o voc\u00ea precisa conhecer os servi\u00e7os de c\u00e2meras de seguran\u00e7a da&nbsp;Digital Home. N\u00f3s temos uma variedade de c\u00e2meras de seguran\u00e7a de alta qualidade e gravadores DVR com \u00f3timos pre\u00e7os, que podem atender \u00e0s suas necessidades e expectativas. Voc\u00ea pode escolher entre c\u00e2meras [&hellip;]<\/p>\n","protected":false},"author":1,"featured_media":58,"parent":0,"menu_order":0,"comment_status":"closed","ping_status":"open","template":"","meta":[],"_links":{"self":[{"href":"https:\/\/sergioneto.portari.com.br\/index.php\/wp-json\/wp\/v2\/pages\/35"}],"collection":[{"href":"https:\/\/sergioneto.portari.com.br\/index.php\/wp-json\/wp\/v2\/pages"}],"about":[{"href":"https:\/\/sergioneto.portari.com.br\/index.php\/wp-json\/wp\/v2\/types\/page"}],"author":[{"embeddable":true,"href":"https:\/\/sergioneto.portari.com.br\/index.php\/wp-json\/wp\/v2\/users\/1"}],"replies":[{"embeddable":true,"href":"https:\/\/sergioneto.portari.com.br\/index.php\/wp-json\/wp\/v2\/comments?post=35"}],"version-history":[{"count":3,"href":"https:\/\/sergioneto.portari.com.br\/index.php\/wp-json\/wp\/v2\/pages\/35\/revisions"}],"predecessor-version":[{"id":136,"href":"https:\/\/sergioneto.portari.com.br\/index.php\/wp-json\/wp\/v2\/pages\/35\/revisions\/136"}],"wp:featuredmedia":[{"embeddable":true,"href":"https:\/\/sergioneto.portari.com.br\/index.php\/wp-json\/wp\/v2\/media\/58"}],"wp:attachment":[{"href":"https:\/\/sergioneto.portari.com.br\/index.php\/wp-json\/wp\/v2\/media?parent=35"}],"curies":[{"name":"wp","href":"https:\/\/api.w.org\/{rel}","templated":true}]}}