{"id":40,"date":"2015-08-17T18:06:14","date_gmt":"2015-08-17T18:06:14","guid":{"rendered":"http:\/\/digitalhome.inf.br\/?page_id=40"},"modified":"2023-10-02T11:08:06","modified_gmt":"2023-10-02T11:08:06","slug":"desenvolvimento-web","status":"publish","type":"page","link":"https:\/\/sergioneto.portari.com.br\/index.php\/desenvolvimento-web\/","title":{"rendered":"Desenvolvimento Web"},"content":{"rendered":"\n<p>Voc\u00ea quer ter um site profissional, bonito e funcional para o seu neg\u00f3cio, projeto ou hobby? Ent\u00e3o voc\u00ea precisa conhecer os servi\u00e7os de desenvolvimento web da&nbsp;<strong>Digital Home<\/strong>. N\u00f3s temos uma equipe de desenvolvedores web experientes e criativos, que podem criar sites personalizados de acordo com as suas necessidades e prefer\u00eancias. Voc\u00ea pode escolher entre diferentes tipos de sites, como institucionais, comerciais, educacionais, informativos, portf\u00f3lios, blogs, f\u00f3runs, redes sociais e muito mais. N\u00f3s usamos as melhores tecnologias e ferramentas do mercado. N\u00f3s tamb\u00e9m cuidamos do design, da hospedagem, do dom\u00ednio, da seguran\u00e7a e da otimiza\u00e7\u00e3o do seu site, garantindo a sua satisfa\u00e7\u00e3o e o seu sucesso na internet. N\u00e3o perca tempo e dinheiro com solu\u00e7\u00f5es amadoras ou prontas, entre em contato conosco e fa\u00e7a um or\u00e7amento sem compromisso. Na&nbsp;<strong>Digital Home<\/strong>, voc\u00ea tem a certeza de ter o melhor servi\u00e7o de desenvolvimento web do mercado!<\/p>\n","protected":false},"excerpt":{"rendered":"<p>Voc\u00ea quer ter um site profissional, bonito e funcional para o seu neg\u00f3cio, projeto ou hobby? Ent\u00e3o voc\u00ea precisa conhecer os servi\u00e7os de desenvolvimento web da&nbsp;Digital Home. N\u00f3s temos uma equipe de desenvolvedores web experientes e criativos, que podem criar sites personalizados de acordo com as suas necessidades e prefer\u00eancias. Voc\u00ea pode escolher entre diferentes [&hellip;]<\/p>\n","protected":false},"author":1,"featured_media":60,"parent":0,"menu_order":0,"comment_status":"closed","ping_status":"open","template":"","meta":[],"_links":{"self":[{"href":"https:\/\/sergioneto.portari.com.br\/index.php\/wp-json\/wp\/v2\/pages\/40"}],"collection":[{"href":"https:\/\/sergioneto.portari.com.br\/index.php\/wp-json\/wp\/v2\/pages"}],"about":[{"href":"https:\/\/sergioneto.portari.com.br\/index.php\/wp-json\/wp\/v2\/types\/page"}],"author":[{"embeddable":true,"href":"https:\/\/sergioneto.portari.com.br\/index.php\/wp-json\/wp\/v2\/users\/1"}],"replies":[{"embeddable":true,"href":"https:\/\/sergioneto.portari.com.br\/index.php\/wp-json\/wp\/v2\/comments?post=40"}],"version-history":[{"count":3,"href":"https:\/\/sergioneto.portari.com.br\/index.php\/wp-json\/wp\/v2\/pages\/40\/revisions"}],"predecessor-version":[{"id":138,"href":"https:\/\/sergioneto.portari.com.br\/index.php\/wp-json\/wp\/v2\/pages\/40\/revisions\/138"}],"wp:featuredmedia":[{"embeddable":true,"href":"https:\/\/sergioneto.portari.com.br\/index.php\/wp-json\/wp\/v2\/media\/60"}],"wp:attachment":[{"href":"https:\/\/sergioneto.portari.com.br\/index.php\/wp-json\/wp\/v2\/media?parent=40"}],"curies":[{"name":"wp","href":"https:\/\/api.w.org\/{rel}","templated":true}]}}