{"id":9,"date":"2015-08-17T17:42:19","date_gmt":"2015-08-17T17:42:19","guid":{"rendered":"http:\/\/digitalhome.inf.br\/?page_id=9"},"modified":"2023-10-02T11:09:02","modified_gmt":"2023-10-02T11:09:02","slug":"empresa","status":"publish","type":"page","link":"https:\/\/sergioneto.portari.com.br\/index.php\/empresa\/","title":{"rendered":"Quem Somos"},"content":{"rendered":"<h6 class=\"ecxMsoNormal\">Empresa Frutalense fundada em 2010 para atender necessidades de servi\u00e7os em inform\u00e1tica empresarial.<\/h6>\n<h6 class=\"ecxMsoNormal\">Atualmente realizamos implanta\u00e7\u00e3o de projetos de seguran\u00e7a, c\u00e2meras de monitoramento residenciais e empresariais, somos especialistas em projetos de monitoramento com c\u00e2meras na zona rural.<\/h6>\n<h6 class=\"ecxMsoNormal\">Trabalhamos com t\u00e9cnicos competentes, equipamentos e infraestrutura de ponta para promover e garantir a qualidade nos servi\u00e7os.<\/h6>\n<h6 class=\"ecxMsoNormal\">A DIGITAL HOME utiliza equipamentos nacionais adquiridos de fornecedores com excelente suporte t\u00e9cnico para assegurar a garantia e o pleno funcionamento dos equipamentos dos projetos.<\/h6>\n","protected":false},"excerpt":{"rendered":"<p>Empresa Frutalense fundada em 2010 para atender necessidades de servi\u00e7os em inform\u00e1tica empresarial. Atualmente realizamos implanta\u00e7\u00e3o de projetos de seguran\u00e7a, c\u00e2meras de monitoramento residenciais e empresariais, somos especialistas em projetos de monitoramento com c\u00e2meras na zona rural. Trabalhamos com t\u00e9cnicos competentes, equipamentos e infraestrutura de ponta para promover e garantir a qualidade nos servi\u00e7os. A [&hellip;]<\/p>\n","protected":false},"author":1,"featured_media":0,"parent":0,"menu_order":0,"comment_status":"closed","ping_status":"open","template":"","meta":[],"_links":{"self":[{"href":"https:\/\/sergioneto.portari.com.br\/index.php\/wp-json\/wp\/v2\/pages\/9"}],"collection":[{"href":"https:\/\/sergioneto.portari.com.br\/index.php\/wp-json\/wp\/v2\/pages"}],"about":[{"href":"https:\/\/sergioneto.portari.com.br\/index.php\/wp-json\/wp\/v2\/types\/page"}],"author":[{"embeddable":true,"href":"https:\/\/sergioneto.portari.com.br\/index.php\/wp-json\/wp\/v2\/users\/1"}],"replies":[{"embeddable":true,"href":"https:\/\/sergioneto.portari.com.br\/index.php\/wp-json\/wp\/v2\/comments?post=9"}],"version-history":[{"count":4,"href":"https:\/\/sergioneto.portari.com.br\/index.php\/wp-json\/wp\/v2\/pages\/9\/revisions"}],"predecessor-version":[{"id":125,"href":"https:\/\/sergioneto.portari.com.br\/index.php\/wp-json\/wp\/v2\/pages\/9\/revisions\/125"}],"wp:attachment":[{"href":"https:\/\/sergioneto.portari.com.br\/index.php\/wp-json\/wp\/v2\/media?parent=9"}],"curies":[{"name":"wp","href":"https:\/\/api.w.org\/{rel}","templated":true}]}}