{"id":95,"date":"2015-08-29T13:24:31","date_gmt":"2015-08-29T13:24:31","guid":{"rendered":"http:\/\/digitalhome.inf.br\/?page_id=95"},"modified":"2023-10-02T11:09:21","modified_gmt":"2023-10-02T11:09:21","slug":"suporte","status":"publish","type":"page","link":"https:\/\/sergioneto.portari.com.br\/index.php\/suporte\/","title":{"rendered":"Suporte"},"content":{"rendered":"<p><span class=\"Apple-converted-space\">Na&nbsp;<strong>Digital Home<\/strong>, n\u00f3s nos preocupamos com a sua satisfa\u00e7\u00e3o e o seu bem-estar. Por isso, n\u00f3s oferecemos um servi\u00e7o de suporte de qualidade e efici\u00eancia, que pode resolver qualquer problema ou d\u00favida que voc\u00ea tenha com os nossos produtos ou servi\u00e7os. Voc\u00ea pode entrar em contato conosco por telefone, e-mail, chat ou redes sociais, e falar com um dos nossos atendentes especializados, que est\u00e3o prontos para te ajudar. N\u00f3s tamb\u00e9m temos uma se\u00e7\u00e3o de perguntas frequentes no nosso site, onde voc\u00ea pode encontrar as respostas para as quest\u00f5es mais comuns dos nossos clientes. Al\u00e9m disso, n\u00f3s temos uma pol\u00edtica de troca e devolu\u00e7\u00e3o flex\u00edvel, que respeita os seus direitos como consumidor. Na&nbsp;<strong>Digital Home<\/strong>, voc\u00ea pode contar com o nosso suporte sempre que precisar!<\/span><\/p>\n","protected":false},"excerpt":{"rendered":"<p>Na&nbsp;Digital Home, n\u00f3s nos preocupamos com a sua satisfa\u00e7\u00e3o e o seu bem-estar. Por isso, n\u00f3s oferecemos um servi\u00e7o de suporte de qualidade e efici\u00eancia, que pode resolver qualquer problema ou d\u00favida que voc\u00ea tenha com os nossos produtos ou servi\u00e7os. Voc\u00ea pode entrar em contato conosco por telefone, e-mail, chat ou redes sociais, e [&hellip;]<\/p>\n","protected":false},"author":1,"featured_media":0,"parent":0,"menu_order":0,"comment_status":"closed","ping_status":"closed","template":"","meta":[],"_links":{"self":[{"href":"https:\/\/sergioneto.portari.com.br\/index.php\/wp-json\/wp\/v2\/pages\/95"}],"collection":[{"href":"https:\/\/sergioneto.portari.com.br\/index.php\/wp-json\/wp\/v2\/pages"}],"about":[{"href":"https:\/\/sergioneto.portari.com.br\/index.php\/wp-json\/wp\/v2\/types\/page"}],"author":[{"embeddable":true,"href":"https:\/\/sergioneto.portari.com.br\/index.php\/wp-json\/wp\/v2\/users\/1"}],"replies":[{"embeddable":true,"href":"https:\/\/sergioneto.portari.com.br\/index.php\/wp-json\/wp\/v2\/comments?post=95"}],"version-history":[{"count":6,"href":"https:\/\/sergioneto.portari.com.br\/index.php\/wp-json\/wp\/v2\/pages\/95\/revisions"}],"predecessor-version":[{"id":141,"href":"https:\/\/sergioneto.portari.com.br\/index.php\/wp-json\/wp\/v2\/pages\/95\/revisions\/141"}],"wp:attachment":[{"href":"https:\/\/sergioneto.portari.com.br\/index.php\/wp-json\/wp\/v2\/media?parent=95"}],"curies":[{"name":"wp","href":"https:\/\/api.w.org\/{rel}","templated":true}]}}